{"id":1674,"date":"2025-03-17T14:58:33","date_gmt":"2025-03-17T13:58:33","guid":{"rendered":"https:\/\/predseda.oyers.cz\/?page_id=1674"},"modified":"2026-04-21T20:07:22","modified_gmt":"2026-04-21T18:07:22","slug":"professioneller-vorsitzender","status":"publish","type":"page","link":"https:\/\/predseda.oyers.cz\/de\/professioneller-vorsitzender\/","title":{"rendered":"Professioneller Vorsitzender"},"content":{"rendered":"\n<p>Professioneller Vorsitzender des SVJ mit Rechtssicherheit<\/p>\n\n\n\n<p>Die Funktion des SVJ-Vorsitzenden ist nicht nur eine organisatorische Angelegenheit. Es handelt sich um eine verantwortungsvolle Rolle mit weitreichenden rechtlichen Konsequenzen. Daher legen wir gro\u00dfen Wert auf fundierte juristische Kenntnisse.<\/p>\n\n\n\n<p>Wir sind Teil der starken OYERS-Gruppe.<\/p>\n\n\n\n<p>Der professionelle Vorsitzende von OYERS ist Teil der OYERS-Gruppe, zu der auch die Anwaltskanzlei OYERS v.o.s. geh\u00f6rt. Dadurch steht den von uns betreuten SVJs ohne unn\u00f6tige Verz\u00f6gerungen und Unklarheiten juristische Unterst\u00fctzung zur Verf\u00fcgung \u2013 sei es in den Bereichen Pr\u00e4vention, Auslegung rechtlicher Verpflichtungen oder Beilegung von Streitigkeiten. Wir bieten jeder Wohnungseigent\u00fcmergemeinschaft (SVJ) Folgendes:<\/p>\n\n\n\n<p>Direkten Zugang zu f\u00fchrenden Anw\u00e4lten mit Expertise im Bereich Immobilienverwaltung und SVJ<\/p>\n\n\n\n<p>Problemlose L\u00f6sung rechtlicher Fragen im Zusammenhang mit dem Betrieb der Gemeinschaft<\/p>\n\n\n\n<p>Effektive Vertretung in Streitigkeiten<\/p>\n\n\n\n<p>Vorzugsweise Rechtsberatung f\u00fcr SVJ und Eigent\u00fcmer<\/p>\n\n\n\n<p>SVJs, die unsere Dienstleistungen in Anspruch nehmen, profitieren zudem von Vorzugsbedingungen f\u00fcr Rechtsberatung der Kanzlei OYERS, d. h. zu einem Stundensatz von 2.000 CZK zzgl. MwSt.<\/p>\n\n\n\n<p>Auch einzelne Wohnungseigent\u00fcmer k\u00f6nnen diesen Rabatt f\u00fcr ihre privaten Rechtsangelegenheiten nutzen.<\/p>\n\n\n\n<p>Dank dieses Vorteils gew\u00e4hrleistet Ihre SVJ nicht nur eine hochwertige Verwaltung, sondern auch einen schnellen und kosteng\u00fcnstigen Zugang zu Rechtsberatung, die f\u00fcr die Verwaltung eines Hauses unerl\u00e4sslich ist.<\/p>\n\n\n\n<p>Mit einem professionellen SVJ-Vorsitzenden von OYERS erhalten Sie mehr als nur Verwaltung \u2013 Sie erhalten Sicherheit, Unterst\u00fctzung und einen echten Partner.<\/p>\n","protected":false},"excerpt":{"rendered":"<p>Professioneller Vorsitzender des SVJ mit Rechtssicherheit Die Funktion des SVJ-Vorsitzenden ist nicht nur eine organisatorische Angelegenheit. Es handelt sich um eine verantwortungsvolle Rolle mit weitreichenden rechtlichen Konsequenzen. Daher legen wir gro\u00dfen Wert auf fundierte juristische Kenntnisse. Wir sind Teil der starken OYERS-Gruppe. Der professionelle Vorsitzende von OYERS ist Teil der OYERS-Gruppe, zu der auch die [&hellip;]<\/p>\n","protected":false},"author":2,"featured_media":0,"parent":0,"menu_order":0,"comment_status":"closed","ping_status":"closed","template":"","meta":{"footnotes":""},"class_list":["post-1674","page","type-page","status-publish","hentry"],"yoast_head":"<!-- This site is optimized with the Yoast SEO plugin v27.4 - https:\/\/yoast.com\/product\/yoast-seo-wordpress\/ -->\n<title>Professioneller Vorsitzender | OYERS<\/title>\n<meta name=\"robots\" content=\"index, follow, max-snippet:-1, max-image-preview:large, max-video-preview:-1\" \/>\n<link rel=\"canonical\" href=\"https:\/\/predseda.oyers.cz\/de\/professioneller-vorsitzender\/\" \/>\n<meta property=\"og:locale\" content=\"de_DE\" \/>\n<meta property=\"og:type\" content=\"article\" \/>\n<meta property=\"og:title\" content=\"Professioneller Vorsitzender | OYERS\" \/>\n<meta property=\"og:description\" content=\"Professioneller Vorsitzender des SVJ mit Rechtssicherheit Die Funktion des SVJ-Vorsitzenden ist nicht nur eine organisatorische Angelegenheit. Es handelt sich um eine verantwortungsvolle Rolle mit weitreichenden rechtlichen Konsequenzen. Daher legen wir gro\u00dfen Wert auf fundierte juristische Kenntnisse. Wir sind Teil der starken OYERS-Gruppe. Der professionelle Vorsitzende von OYERS ist Teil der OYERS-Gruppe, zu der auch die [&hellip;]\" \/>\n<meta property=\"og:url\" content=\"https:\/\/predseda.oyers.cz\/de\/professioneller-vorsitzender\/\" \/>\n<meta property=\"og:site_name\" content=\"OYERS\" \/>\n<meta property=\"article:publisher\" content=\"https:\/\/www.facebook.com\/profile.php?id=100063463516718\" \/>\n<meta property=\"article:modified_time\" content=\"2026-04-21T18:07:22+00:00\" \/>\n<meta property=\"og:image\" content=\"https:\/\/predseda.oyers.cz\/wp-content\/uploads\/2022\/08\/logo.png\" \/>\n\t<meta property=\"og:image:width\" content=\"681\" \/>\n\t<meta property=\"og:image:height\" content=\"255\" \/>\n\t<meta property=\"og:image:type\" content=\"image\/png\" \/>\n<meta name=\"twitter:card\" content=\"summary_large_image\" \/>\n<meta name=\"twitter:label1\" content=\"Gesch\u00e4tzte Lesezeit\" \/>\n\t<meta name=\"twitter:data1\" content=\"2\u00a0Minuten\" \/>\n<script type=\"application\/ld+json\" class=\"yoast-schema-graph\">{\"@context\":\"https:\\\/\\\/schema.org\",\"@graph\":[{\"@type\":\"WebPage\",\"@id\":\"https:\\\/\\\/predseda.oyers.cz\\\/de\\\/professioneller-vorsitzender\\\/\",\"url\":\"https:\\\/\\\/predseda.oyers.cz\\\/de\\\/professioneller-vorsitzender\\\/\",\"name\":\"Professioneller Vorsitzender | OYERS\",\"isPartOf\":{\"@id\":\"https:\\\/\\\/predseda.oyers.cz\\\/de\\\/#website\"},\"datePublished\":\"2025-03-17T13:58:33+00:00\",\"dateModified\":\"2026-04-21T18:07:22+00:00\",\"breadcrumb\":{\"@id\":\"https:\\\/\\\/predseda.oyers.cz\\\/de\\\/professioneller-vorsitzender\\\/#breadcrumb\"},\"inLanguage\":\"de\",\"potentialAction\":[{\"@type\":\"ReadAction\",\"target\":[\"https:\\\/\\\/predseda.oyers.cz\\\/de\\\/professioneller-vorsitzender\\\/\"]}]},{\"@type\":\"BreadcrumbList\",\"@id\":\"https:\\\/\\\/predseda.oyers.cz\\\/de\\\/professioneller-vorsitzender\\\/#breadcrumb\",\"itemListElement\":[{\"@type\":\"ListItem\",\"position\":1,\"name\":\"Dom\u016f\",\"item\":\"https:\\\/\\\/predseda.oyers.cz\\\/de\\\/\"},{\"@type\":\"ListItem\",\"position\":2,\"name\":\"Professioneller Vorsitzender\"}]},{\"@type\":\"WebSite\",\"@id\":\"https:\\\/\\\/predseda.oyers.cz\\\/de\\\/#website\",\"url\":\"https:\\\/\\\/predseda.oyers.cz\\\/de\\\/\",\"name\":\"OYERS\",\"description\":\"\",\"publisher\":{\"@id\":\"https:\\\/\\\/predseda.oyers.cz\\\/de\\\/#organization\"},\"potentialAction\":[{\"@type\":\"SearchAction\",\"target\":{\"@type\":\"EntryPoint\",\"urlTemplate\":\"https:\\\/\\\/predseda.oyers.cz\\\/de\\\/?s={search_term_string}\"},\"query-input\":{\"@type\":\"PropertyValueSpecification\",\"valueRequired\":true,\"valueName\":\"search_term_string\"}}],\"inLanguage\":\"de\"},{\"@type\":\"Organization\",\"@id\":\"https:\\\/\\\/predseda.oyers.cz\\\/de\\\/#organization\",\"name\":\"OYERS\",\"url\":\"https:\\\/\\\/predseda.oyers.cz\\\/de\\\/\",\"logo\":{\"@type\":\"ImageObject\",\"inLanguage\":\"de\",\"@id\":\"https:\\\/\\\/predseda.oyers.cz\\\/de\\\/#\\\/schema\\\/logo\\\/image\\\/\",\"url\":\"https:\\\/\\\/predseda.oyers.cz\\\/wp-content\\\/uploads\\\/2022\\\/08\\\/logo.png\",\"contentUrl\":\"https:\\\/\\\/predseda.oyers.cz\\\/wp-content\\\/uploads\\\/2022\\\/08\\\/logo.png\",\"width\":681,\"height\":255,\"caption\":\"OYERS\"},\"image\":{\"@id\":\"https:\\\/\\\/predseda.oyers.cz\\\/de\\\/#\\\/schema\\\/logo\\\/image\\\/\"},\"sameAs\":[\"https:\\\/\\\/www.facebook.com\\\/profile.php?id=100063463516718\"]}]}<\/script>\n<!-- \/ Yoast SEO plugin. -->","yoast_head_json":{"title":"Professioneller Vorsitzender | OYERS","robots":{"index":"index","follow":"follow","max-snippet":"max-snippet:-1","max-image-preview":"max-image-preview:large","max-video-preview":"max-video-preview:-1"},"canonical":"https:\/\/predseda.oyers.cz\/de\/professioneller-vorsitzender\/","og_locale":"de_DE","og_type":"article","og_title":"Professioneller Vorsitzender | OYERS","og_description":"Professioneller Vorsitzender des SVJ mit Rechtssicherheit Die Funktion des SVJ-Vorsitzenden ist nicht nur eine organisatorische Angelegenheit. Es handelt sich um eine verantwortungsvolle Rolle mit weitreichenden rechtlichen Konsequenzen. Daher legen wir gro\u00dfen Wert auf fundierte juristische Kenntnisse. Wir sind Teil der starken OYERS-Gruppe. Der professionelle Vorsitzende von OYERS ist Teil der OYERS-Gruppe, zu der auch die [&hellip;]","og_url":"https:\/\/predseda.oyers.cz\/de\/professioneller-vorsitzender\/","og_site_name":"OYERS","article_publisher":"https:\/\/www.facebook.com\/profile.php?id=100063463516718","article_modified_time":"2026-04-21T18:07:22+00:00","og_image":[{"width":681,"height":255,"url":"https:\/\/predseda.oyers.cz\/wp-content\/uploads\/2022\/08\/logo.png","type":"image\/png"}],"twitter_card":"summary_large_image","twitter_misc":{"Gesch\u00e4tzte Lesezeit":"2\u00a0Minuten"},"schema":{"@context":"https:\/\/schema.org","@graph":[{"@type":"WebPage","@id":"https:\/\/predseda.oyers.cz\/de\/professioneller-vorsitzender\/","url":"https:\/\/predseda.oyers.cz\/de\/professioneller-vorsitzender\/","name":"Professioneller Vorsitzender | OYERS","isPartOf":{"@id":"https:\/\/predseda.oyers.cz\/de\/#website"},"datePublished":"2025-03-17T13:58:33+00:00","dateModified":"2026-04-21T18:07:22+00:00","breadcrumb":{"@id":"https:\/\/predseda.oyers.cz\/de\/professioneller-vorsitzender\/#breadcrumb"},"inLanguage":"de","potentialAction":[{"@type":"ReadAction","target":["https:\/\/predseda.oyers.cz\/de\/professioneller-vorsitzender\/"]}]},{"@type":"BreadcrumbList","@id":"https:\/\/predseda.oyers.cz\/de\/professioneller-vorsitzender\/#breadcrumb","itemListElement":[{"@type":"ListItem","position":1,"name":"Dom\u016f","item":"https:\/\/predseda.oyers.cz\/de\/"},{"@type":"ListItem","position":2,"name":"Professioneller Vorsitzender"}]},{"@type":"WebSite","@id":"https:\/\/predseda.oyers.cz\/de\/#website","url":"https:\/\/predseda.oyers.cz\/de\/","name":"OYERS","description":"","publisher":{"@id":"https:\/\/predseda.oyers.cz\/de\/#organization"},"potentialAction":[{"@type":"SearchAction","target":{"@type":"EntryPoint","urlTemplate":"https:\/\/predseda.oyers.cz\/de\/?s={search_term_string}"},"query-input":{"@type":"PropertyValueSpecification","valueRequired":true,"valueName":"search_term_string"}}],"inLanguage":"de"},{"@type":"Organization","@id":"https:\/\/predseda.oyers.cz\/de\/#organization","name":"OYERS","url":"https:\/\/predseda.oyers.cz\/de\/","logo":{"@type":"ImageObject","inLanguage":"de","@id":"https:\/\/predseda.oyers.cz\/de\/#\/schema\/logo\/image\/","url":"https:\/\/predseda.oyers.cz\/wp-content\/uploads\/2022\/08\/logo.png","contentUrl":"https:\/\/predseda.oyers.cz\/wp-content\/uploads\/2022\/08\/logo.png","width":681,"height":255,"caption":"OYERS"},"image":{"@id":"https:\/\/predseda.oyers.cz\/de\/#\/schema\/logo\/image\/"},"sameAs":["https:\/\/www.facebook.com\/profile.php?id=100063463516718"]}]}},"_links":{"self":[{"href":"https:\/\/predseda.oyers.cz\/de\/wp-json\/wp\/v2\/pages\/1674","targetHints":{"allow":["GET"]}}],"collection":[{"href":"https:\/\/predseda.oyers.cz\/de\/wp-json\/wp\/v2\/pages"}],"about":[{"href":"https:\/\/predseda.oyers.cz\/de\/wp-json\/wp\/v2\/types\/page"}],"author":[{"embeddable":true,"href":"https:\/\/predseda.oyers.cz\/de\/wp-json\/wp\/v2\/users\/2"}],"replies":[{"embeddable":true,"href":"https:\/\/predseda.oyers.cz\/de\/wp-json\/wp\/v2\/comments?post=1674"}],"version-history":[{"count":1,"href":"https:\/\/predseda.oyers.cz\/de\/wp-json\/wp\/v2\/pages\/1674\/revisions"}],"predecessor-version":[{"id":1675,"href":"https:\/\/predseda.oyers.cz\/de\/wp-json\/wp\/v2\/pages\/1674\/revisions\/1675"}],"wp:attachment":[{"href":"https:\/\/predseda.oyers.cz\/de\/wp-json\/wp\/v2\/media?parent=1674"}],"curies":[{"name":"wp","href":"https:\/\/api.w.org\/{rel}","templated":true}]}}