{"id":457,"date":"2022-08-22T16:11:48","date_gmt":"2022-08-22T14:11:48","guid":{"rendered":"https:\/\/predseda.oyers.cz\/csjiz-temer-30-let-hajime-vase-pravaenuvoddeeinfuhrung-deutsch\/"},"modified":"2026-04-21T20:17:05","modified_gmt":"2026-04-21T18:17:05","slug":"csjiz-temer-30-let-hajime-vase-pravaenuvoddeeinfuhrung-deutsch","status":"publish","type":"page","link":"https:\/\/predseda.oyers.cz\/de\/","title":{"rendered":"Einf\u00fchrung"},"content":{"rendered":"\n<div class=\"wp-block-media-text alignwide is-stacked-on-mobile\"><figure class=\"wp-block-media-text__media\"><img loading=\"lazy\" decoding=\"async\" width=\"1024\" height=\"738\" src=\"https:\/\/predseda.oyers.cz\/wp-content\/uploads\/2022\/09\/Business_4k_resolution-37-resize-compress-cropp-1024x738.jpg\" alt=\"AK Oyers\" class=\"wp-image-262 size-full\" srcset=\"https:\/\/predseda.oyers.cz\/wp-content\/uploads\/2022\/09\/Business_4k_resolution-37-resize-compress-cropp-1024x738.jpg 1024w, https:\/\/predseda.oyers.cz\/wp-content\/uploads\/2022\/09\/Business_4k_resolution-37-resize-compress-cropp-300x216.jpg 300w, https:\/\/predseda.oyers.cz\/wp-content\/uploads\/2022\/09\/Business_4k_resolution-37-resize-compress-cropp-768x553.jpg 768w, https:\/\/predseda.oyers.cz\/wp-content\/uploads\/2022\/09\/Business_4k_resolution-37-resize-compress-cropp-1536x1106.jpg 1536w, https:\/\/predseda.oyers.cz\/wp-content\/uploads\/2022\/09\/Business_4k_resolution-37-resize-compress-cropp-2048x1475.jpg 2048w\" sizes=\"auto, (max-width: 1024px) 100vw, 1024px\" \/><\/figure><div class=\"wp-block-media-text__content\">\n<div style=\"height:60px\" aria-hidden=\"true\" class=\"wp-block-spacer\"><\/div>\n\n\n\n<h2 class=\"wp-block-heading\">\u00dcber uns<\/h2>\n\n\n\n<p><strong>Wenn Sie die Gewissheit ben\u00f6tigen, dass die Verwaltung Ihrer Wohnungseigent\u00fcmergemeinschaft (WEG) reibungslos funktioniert<\/strong>.<\/p>\n\n\n\n<p>Die Firma OYERS Professional Chairman wurde als Teil der OYERS-Gruppe gegr\u00fcndet, zu der auch die etablierte Anwaltskanzlei OYERS advok\u00e1tn\u00ed kancel\u00e1\u0159 v.o.s. geh\u00f6rt, die seit \u00fcber 30 Jahren auf dem tschechischen Markt t\u00e4tig ist. Dank dieser Erfahrung k\u00f6nnen wir juristisches Fachwissen mit praktischer Erfahrung in der Verwaltung von Wohnungseigent\u00fcmergemeinschaften verbinden.<\/p>\n\n\n\n<p>Wir konzentrieren uns ausschlie\u00dflich auf die professionelle Wahrnehmung der Funktion des WEG-Vorsitzenden. Wir \u00fcbernehmen die Verantwortung f\u00fcr den Betrieb der Gemeinschaft, \u00fcberwachen die Hausverwaltung und erf\u00fcllen alle rechtlichen Verpflichtungen. Wir handeln sorgf\u00e4ltig, transparent und respektieren die Interessen aller Eigent\u00fcmer.<\/p>\n\n\n\n<p>Wir sind \u00fcberzeugt, dass jede WEG eine Verwaltung verdient, die zeitnah handelt, klar kommuniziert und umsichtige Entscheidungen trifft.<\/p>\n\n\n\n<div class=\"wp-block-buttons is-layout-flex wp-block-buttons-is-layout-flex\">\n<div class=\"wp-block-button\"><a class=\"wp-block-button__link wp-element-button\" href=\"https:\/\/predseda.oyers.cz\/nas-tym\/\"><strong>Team<\/strong><\/a><\/div>\n<\/div>\n\n\n\n    <div class=\"subscribe-body\">\n        <span class=\"subscribe-text bold\">Hinterlassen Sie einen Kontakt, wir werden Sie kontaktieren<\/span>\n        \n<div class=\"wpcf7 no-js\" id=\"wpcf7-f766-o1\" lang=\"de-DE\" dir=\"ltr\" data-wpcf7-id=\"766\">\n<div class=\"screen-reader-response\"><p role=\"status\" aria-live=\"polite\" aria-atomic=\"true\"><\/p> <ul><\/ul><\/div>\n<form action=\"\/de\/wp-json\/wp\/v2\/pages\/457#wpcf7-f766-o1\" method=\"post\" class=\"wpcf7-form init\" aria-label=\"Kontaktformular\" novalidate=\"novalidate\" data-status=\"init\">\n<div style=\"display: none;\">\n<input type=\"hidden\" name=\"_wpcf7\" value=\"766\" \/>\n<input type=\"hidden\" name=\"_wpcf7_version\" value=\"6.0.5\" \/>\n<input type=\"hidden\" name=\"_wpcf7_locale\" value=\"de_DE\" \/>\n<input type=\"hidden\" name=\"_wpcf7_unit_tag\" value=\"wpcf7-f766-o1\" \/>\n<input type=\"hidden\" name=\"_wpcf7_container_post\" value=\"0\" \/>\n<input type=\"hidden\" name=\"_wpcf7_posted_data_hash\" value=\"\" \/>\n<input type=\"hidden\" name=\"_wpcf7_recaptcha_response\" value=\"\" \/>\n<\/div>\n<p><label><span class=\"wpcf7-form-control-wrap\" data-name=\"subscribe_email\"><input size=\"40\" maxlength=\"400\" class=\"wpcf7-form-control wpcf7-email wpcf7-validates-as-required wpcf7-text wpcf7-validates-as-email\" aria-required=\"true\" aria-invalid=\"false\" placeholder=\"E-mail\" value=\"\" type=\"email\" name=\"subscribe_email\" \/><\/span><\/label><label><input class=\"wpcf7-form-control wpcf7-submit has-spinner\" type=\"submit\" value=\"Senden\" \/><\/label>\n<\/p><div class=\"wpcf7-response-output\" aria-hidden=\"true\"><\/div>\n<\/form>\n<\/div>\n    <\/div>\n    \n\n\n\n<div class=\"wp-block-buttons is-layout-flex wp-block-buttons-is-layout-flex\"><\/div>\n<\/div><\/div>\n","protected":false},"excerpt":{"rendered":"","protected":false},"author":2,"featured_media":1682,"parent":0,"menu_order":0,"comment_status":"closed","ping_status":"closed","template":"","meta":{"footnotes":""},"class_list":["post-457","page","type-page","status-publish","has-post-thumbnail","hentry"],"yoast_head":"<!-- This site is optimized with the Yoast SEO plugin v27.4 - https:\/\/yoast.com\/product\/yoast-seo-wordpress\/ -->\n<title>Einf\u00fchrung | OYERS<\/title>\n<meta name=\"robots\" content=\"index, follow, max-snippet:-1, max-image-preview:large, max-video-preview:-1\" \/>\n<link rel=\"canonical\" href=\"https:\/\/predseda.oyers.cz\/de\/\" \/>\n<meta property=\"og:locale\" content=\"de_DE\" \/>\n<meta property=\"og:type\" content=\"article\" \/>\n<meta property=\"og:title\" content=\"Einf\u00fchrung | OYERS\" \/>\n<meta property=\"og:url\" content=\"https:\/\/predseda.oyers.cz\/de\/\" \/>\n<meta property=\"og:site_name\" content=\"OYERS\" \/>\n<meta property=\"article:publisher\" content=\"https:\/\/www.facebook.com\/profile.php?id=100063463516718\" \/>\n<meta property=\"article:modified_time\" content=\"2026-04-21T18:17:05+00:00\" \/>\n<meta property=\"og:image\" content=\"https:\/\/predseda.oyers.cz\/wp-content\/uploads\/2022\/08\/Business_4k_resolution-30-resize-kompress.jpg\" \/>\n\t<meta property=\"og:image:width\" content=\"2560\" \/>\n\t<meta property=\"og:image:height\" content=\"1707\" \/>\n\t<meta property=\"og:image:type\" content=\"image\/jpeg\" \/>\n<meta name=\"twitter:card\" content=\"summary_large_image\" \/>\n<meta name=\"twitter:label1\" content=\"Gesch\u00e4tzte Lesezeit\" \/>\n\t<meta name=\"twitter:data1\" content=\"2\u00a0Minuten\" \/>\n<script type=\"application\/ld+json\" class=\"yoast-schema-graph\">{\"@context\":\"https:\\\/\\\/schema.org\",\"@graph\":[{\"@type\":\"WebPage\",\"@id\":\"https:\\\/\\\/predseda.oyers.cz\\\/de\\\/\",\"url\":\"https:\\\/\\\/predseda.oyers.cz\\\/de\\\/\",\"name\":\"Einf\u00fchrung | OYERS\",\"isPartOf\":{\"@id\":\"https:\\\/\\\/predseda.oyers.cz\\\/de\\\/#website\"},\"primaryImageOfPage\":{\"@id\":\"https:\\\/\\\/predseda.oyers.cz\\\/de\\\/#primaryimage\"},\"image\":{\"@id\":\"https:\\\/\\\/predseda.oyers.cz\\\/de\\\/#primaryimage\"},\"thumbnailUrl\":\"https:\\\/\\\/predseda.oyers.cz\\\/wp-content\\\/uploads\\\/2026\\\/04\\\/Gemini_Generated_Image_bsxgc7bsxgc7bsxg-scaled.png\",\"datePublished\":\"2022-08-22T14:11:48+00:00\",\"dateModified\":\"2026-04-21T18:17:05+00:00\",\"breadcrumb\":{\"@id\":\"https:\\\/\\\/predseda.oyers.cz\\\/de\\\/#breadcrumb\"},\"inLanguage\":\"de\",\"potentialAction\":[{\"@type\":\"ReadAction\",\"target\":[\"https:\\\/\\\/predseda.oyers.cz\\\/de\\\/\"]}]},{\"@type\":\"ImageObject\",\"inLanguage\":\"de\",\"@id\":\"https:\\\/\\\/predseda.oyers.cz\\\/de\\\/#primaryimage\",\"url\":\"https:\\\/\\\/predseda.oyers.cz\\\/wp-content\\\/uploads\\\/2026\\\/04\\\/Gemini_Generated_Image_bsxgc7bsxgc7bsxg-scaled.png\",\"contentUrl\":\"https:\\\/\\\/predseda.oyers.cz\\\/wp-content\\\/uploads\\\/2026\\\/04\\\/Gemini_Generated_Image_bsxgc7bsxgc7bsxg-scaled.png\",\"width\":2560,\"height\":1429},{\"@type\":\"BreadcrumbList\",\"@id\":\"https:\\\/\\\/predseda.oyers.cz\\\/de\\\/#breadcrumb\",\"itemListElement\":[{\"@type\":\"ListItem\",\"position\":1,\"name\":\"Dom\u016f\",\"item\":\"https:\\\/\\\/predseda.oyers.cz\\\/de\\\/\"},{\"@type\":\"ListItem\",\"position\":2,\"name\":\"Einf\u00fchrung\"}]},{\"@type\":\"WebSite\",\"@id\":\"https:\\\/\\\/predseda.oyers.cz\\\/de\\\/#website\",\"url\":\"https:\\\/\\\/predseda.oyers.cz\\\/de\\\/\",\"name\":\"OYERS\",\"description\":\"\",\"publisher\":{\"@id\":\"https:\\\/\\\/predseda.oyers.cz\\\/de\\\/#organization\"},\"potentialAction\":[{\"@type\":\"SearchAction\",\"target\":{\"@type\":\"EntryPoint\",\"urlTemplate\":\"https:\\\/\\\/predseda.oyers.cz\\\/de\\\/?s={search_term_string}\"},\"query-input\":{\"@type\":\"PropertyValueSpecification\",\"valueRequired\":true,\"valueName\":\"search_term_string\"}}],\"inLanguage\":\"de\"},{\"@type\":\"Organization\",\"@id\":\"https:\\\/\\\/predseda.oyers.cz\\\/de\\\/#organization\",\"name\":\"OYERS\",\"url\":\"https:\\\/\\\/predseda.oyers.cz\\\/de\\\/\",\"logo\":{\"@type\":\"ImageObject\",\"inLanguage\":\"de\",\"@id\":\"https:\\\/\\\/predseda.oyers.cz\\\/de\\\/#\\\/schema\\\/logo\\\/image\\\/\",\"url\":\"https:\\\/\\\/predseda.oyers.cz\\\/wp-content\\\/uploads\\\/2022\\\/08\\\/logo.png\",\"contentUrl\":\"https:\\\/\\\/predseda.oyers.cz\\\/wp-content\\\/uploads\\\/2022\\\/08\\\/logo.png\",\"width\":681,\"height\":255,\"caption\":\"OYERS\"},\"image\":{\"@id\":\"https:\\\/\\\/predseda.oyers.cz\\\/de\\\/#\\\/schema\\\/logo\\\/image\\\/\"},\"sameAs\":[\"https:\\\/\\\/www.facebook.com\\\/profile.php?id=100063463516718\"]}]}<\/script>\n<!-- \/ Yoast SEO plugin. -->","yoast_head_json":{"title":"Einf\u00fchrung | OYERS","robots":{"index":"index","follow":"follow","max-snippet":"max-snippet:-1","max-image-preview":"max-image-preview:large","max-video-preview":"max-video-preview:-1"},"canonical":"https:\/\/predseda.oyers.cz\/de\/","og_locale":"de_DE","og_type":"article","og_title":"Einf\u00fchrung | OYERS","og_url":"https:\/\/predseda.oyers.cz\/de\/","og_site_name":"OYERS","article_publisher":"https:\/\/www.facebook.com\/profile.php?id=100063463516718","article_modified_time":"2026-04-21T18:17:05+00:00","og_image":[{"width":2560,"height":1707,"url":"https:\/\/predseda.oyers.cz\/wp-content\/uploads\/2022\/08\/Business_4k_resolution-30-resize-kompress.jpg","type":"image\/jpeg"}],"twitter_card":"summary_large_image","twitter_misc":{"Gesch\u00e4tzte Lesezeit":"2\u00a0Minuten"},"schema":{"@context":"https:\/\/schema.org","@graph":[{"@type":"WebPage","@id":"https:\/\/predseda.oyers.cz\/de\/","url":"https:\/\/predseda.oyers.cz\/de\/","name":"Einf\u00fchrung | OYERS","isPartOf":{"@id":"https:\/\/predseda.oyers.cz\/de\/#website"},"primaryImageOfPage":{"@id":"https:\/\/predseda.oyers.cz\/de\/#primaryimage"},"image":{"@id":"https:\/\/predseda.oyers.cz\/de\/#primaryimage"},"thumbnailUrl":"https:\/\/predseda.oyers.cz\/wp-content\/uploads\/2026\/04\/Gemini_Generated_Image_bsxgc7bsxgc7bsxg-scaled.png","datePublished":"2022-08-22T14:11:48+00:00","dateModified":"2026-04-21T18:17:05+00:00","breadcrumb":{"@id":"https:\/\/predseda.oyers.cz\/de\/#breadcrumb"},"inLanguage":"de","potentialAction":[{"@type":"ReadAction","target":["https:\/\/predseda.oyers.cz\/de\/"]}]},{"@type":"ImageObject","inLanguage":"de","@id":"https:\/\/predseda.oyers.cz\/de\/#primaryimage","url":"https:\/\/predseda.oyers.cz\/wp-content\/uploads\/2026\/04\/Gemini_Generated_Image_bsxgc7bsxgc7bsxg-scaled.png","contentUrl":"https:\/\/predseda.oyers.cz\/wp-content\/uploads\/2026\/04\/Gemini_Generated_Image_bsxgc7bsxgc7bsxg-scaled.png","width":2560,"height":1429},{"@type":"BreadcrumbList","@id":"https:\/\/predseda.oyers.cz\/de\/#breadcrumb","itemListElement":[{"@type":"ListItem","position":1,"name":"Dom\u016f","item":"https:\/\/predseda.oyers.cz\/de\/"},{"@type":"ListItem","position":2,"name":"Einf\u00fchrung"}]},{"@type":"WebSite","@id":"https:\/\/predseda.oyers.cz\/de\/#website","url":"https:\/\/predseda.oyers.cz\/de\/","name":"OYERS","description":"","publisher":{"@id":"https:\/\/predseda.oyers.cz\/de\/#organization"},"potentialAction":[{"@type":"SearchAction","target":{"@type":"EntryPoint","urlTemplate":"https:\/\/predseda.oyers.cz\/de\/?s={search_term_string}"},"query-input":{"@type":"PropertyValueSpecification","valueRequired":true,"valueName":"search_term_string"}}],"inLanguage":"de"},{"@type":"Organization","@id":"https:\/\/predseda.oyers.cz\/de\/#organization","name":"OYERS","url":"https:\/\/predseda.oyers.cz\/de\/","logo":{"@type":"ImageObject","inLanguage":"de","@id":"https:\/\/predseda.oyers.cz\/de\/#\/schema\/logo\/image\/","url":"https:\/\/predseda.oyers.cz\/wp-content\/uploads\/2022\/08\/logo.png","contentUrl":"https:\/\/predseda.oyers.cz\/wp-content\/uploads\/2022\/08\/logo.png","width":681,"height":255,"caption":"OYERS"},"image":{"@id":"https:\/\/predseda.oyers.cz\/de\/#\/schema\/logo\/image\/"},"sameAs":["https:\/\/www.facebook.com\/profile.php?id=100063463516718"]}]}},"_links":{"self":[{"href":"https:\/\/predseda.oyers.cz\/de\/wp-json\/wp\/v2\/pages\/457","targetHints":{"allow":["GET"]}}],"collection":[{"href":"https:\/\/predseda.oyers.cz\/de\/wp-json\/wp\/v2\/pages"}],"about":[{"href":"https:\/\/predseda.oyers.cz\/de\/wp-json\/wp\/v2\/types\/page"}],"author":[{"embeddable":true,"href":"https:\/\/predseda.oyers.cz\/de\/wp-json\/wp\/v2\/users\/2"}],"replies":[{"embeddable":true,"href":"https:\/\/predseda.oyers.cz\/de\/wp-json\/wp\/v2\/comments?post=457"}],"version-history":[{"count":2,"href":"https:\/\/predseda.oyers.cz\/de\/wp-json\/wp\/v2\/pages\/457\/revisions"}],"predecessor-version":[{"id":1679,"href":"https:\/\/predseda.oyers.cz\/de\/wp-json\/wp\/v2\/pages\/457\/revisions\/1679"}],"wp:featuredmedia":[{"embeddable":true,"href":"https:\/\/predseda.oyers.cz\/de\/wp-json\/wp\/v2\/media\/1682"}],"wp:attachment":[{"href":"https:\/\/predseda.oyers.cz\/de\/wp-json\/wp\/v2\/media?parent=457"}],"curies":[{"name":"wp","href":"https:\/\/api.w.org\/{rel}","templated":true}]}}