{"id":456,"date":"2022-08-22T16:11:48","date_gmt":"2022-08-22T14:11:48","guid":{"rendered":"https:\/\/predseda.oyers.cz\/csjiz-temer-30-let-hajime-vase-pravaenuvoddeeinfuhrung-english\/"},"modified":"2026-04-21T20:16:38","modified_gmt":"2026-04-21T18:16:38","slug":"csjiz-temer-30-let-hajime-vase-pravaenuvoddeeinfuhrung-english","status":"publish","type":"page","link":"https:\/\/predseda.oyers.cz\/en\/","title":{"rendered":"Home"},"content":{"rendered":"\n<div class=\"wp-block-media-text alignwide is-stacked-on-mobile\"><figure class=\"wp-block-media-text__media\"><img loading=\"lazy\" decoding=\"async\" width=\"1024\" height=\"738\" src=\"https:\/\/predseda.oyers.cz\/wp-content\/uploads\/2022\/09\/Business_4k_resolution-37-resize-compress-cropp-1024x738.jpg\" alt=\"AK Oyers\" class=\"wp-image-262 size-full\" srcset=\"https:\/\/predseda.oyers.cz\/wp-content\/uploads\/2022\/09\/Business_4k_resolution-37-resize-compress-cropp-1024x738.jpg 1024w, https:\/\/predseda.oyers.cz\/wp-content\/uploads\/2022\/09\/Business_4k_resolution-37-resize-compress-cropp-300x216.jpg 300w, https:\/\/predseda.oyers.cz\/wp-content\/uploads\/2022\/09\/Business_4k_resolution-37-resize-compress-cropp-768x553.jpg 768w, https:\/\/predseda.oyers.cz\/wp-content\/uploads\/2022\/09\/Business_4k_resolution-37-resize-compress-cropp-1536x1106.jpg 1536w, https:\/\/predseda.oyers.cz\/wp-content\/uploads\/2022\/09\/Business_4k_resolution-37-resize-compress-cropp-2048x1475.jpg 2048w\" sizes=\"auto, (max-width: 1024px) 100vw, 1024px\" \/><\/figure><div class=\"wp-block-media-text__content\">\n<div style=\"height:60px\" aria-hidden=\"true\" class=\"wp-block-spacer\"><\/div>\n\n\n\n<h2 class=\"wp-block-heading\">About us<\/h2>\n\n\n\n<p><strong>When you need certainty that the management of the SVJ will function properly<\/strong>.<\/p>\n\n\n\n<p>The company OYERS professional chairman was established as part of the OYERS group, which also includes the established law firm OYERS advok\u00e1tn\u00ed kancel\u00e1\u0159 v.o.s., active on the Czech market for more than 30 years. This background allows us to combine legal expertise with everyday practice in managing a community of unit owners.<\/p>\n\n\n\n<p>We focus exclusively on the professional performance of the function of the chairman of the SVJ. We assume responsibility for managing the operation of the community, supervising the performance of the house administration and fulfilling legal obligations. We act carefully, transparently and with respect for the interests of all owners.<\/p>\n\n\n\n<p>We are convinced that every SVJ deserves management that acts in a timely manner, communicates clearly and makes decisions with prudence.<\/p>\n\n\n\n<div class=\"wp-block-buttons is-layout-flex wp-block-buttons-is-layout-flex\">\n<div class=\"wp-block-button\"><a class=\"wp-block-button__link wp-element-button\" href=\"https:\/\/predseda.oyers.cz\/en\/our-team\/\"><strong>Our team<\/strong><\/a><\/div>\n<\/div>\n\n\n\n    <div class=\"subscribe-body\">\n        <span class=\"subscribe-text bold\">Leave a contact, we will get back to you<\/span>\n        \n<div class=\"wpcf7 no-js\" id=\"wpcf7-f765-o1\" lang=\"en-US\" dir=\"ltr\" data-wpcf7-id=\"765\">\n<div class=\"screen-reader-response\"><p role=\"status\" aria-live=\"polite\" aria-atomic=\"true\"><\/p> <ul><\/ul><\/div>\n<form action=\"\/en\/wp-json\/wp\/v2\/pages\/456#wpcf7-f765-o1\" method=\"post\" class=\"wpcf7-form init\" aria-label=\"Contact form\" novalidate=\"novalidate\" data-status=\"init\">\n<div style=\"display: none;\">\n<input type=\"hidden\" name=\"_wpcf7\" value=\"765\" \/>\n<input type=\"hidden\" name=\"_wpcf7_version\" value=\"6.0.5\" \/>\n<input type=\"hidden\" name=\"_wpcf7_locale\" value=\"en_US\" \/>\n<input type=\"hidden\" name=\"_wpcf7_unit_tag\" value=\"wpcf7-f765-o1\" \/>\n<input type=\"hidden\" name=\"_wpcf7_container_post\" value=\"0\" \/>\n<input type=\"hidden\" name=\"_wpcf7_posted_data_hash\" value=\"\" \/>\n<input type=\"hidden\" name=\"_wpcf7_recaptcha_response\" value=\"\" \/>\n<\/div>\n<p><label><span class=\"wpcf7-form-control-wrap\" data-name=\"subscribe_email\"><input size=\"40\" maxlength=\"400\" class=\"wpcf7-form-control wpcf7-email wpcf7-validates-as-required wpcf7-text wpcf7-validates-as-email\" aria-required=\"true\" aria-invalid=\"false\" placeholder=\"E-mail\" value=\"\" type=\"email\" name=\"subscribe_email\" \/><\/span><\/label><label><input class=\"wpcf7-form-control wpcf7-submit has-spinner\" type=\"submit\" value=\"Send\" \/><\/label>\n<\/p><div class=\"wpcf7-response-output\" aria-hidden=\"true\"><\/div>\n<\/form>\n<\/div>\n    <\/div>\n    \n\n\n\n<div class=\"wp-block-buttons is-layout-flex wp-block-buttons-is-layout-flex\"><\/div>\n<\/div><\/div>\n","protected":false},"excerpt":{"rendered":"","protected":false},"author":2,"featured_media":1681,"parent":0,"menu_order":0,"comment_status":"closed","ping_status":"closed","template":"","meta":{"footnotes":""},"class_list":["post-456","page","type-page","status-publish","has-post-thumbnail","hentry"],"yoast_head":"<!-- This site is optimized with the Yoast SEO plugin v27.4 - https:\/\/yoast.com\/product\/yoast-seo-wordpress\/ -->\n<title>Home | OYERS<\/title>\n<meta name=\"robots\" content=\"index, follow, max-snippet:-1, max-image-preview:large, max-video-preview:-1\" \/>\n<link rel=\"canonical\" href=\"https:\/\/predseda.oyers.cz\/en\/\" \/>\n<meta property=\"og:locale\" content=\"en_US\" \/>\n<meta property=\"og:type\" content=\"article\" \/>\n<meta property=\"og:title\" content=\"Home | OYERS\" \/>\n<meta property=\"og:url\" content=\"https:\/\/predseda.oyers.cz\/en\/\" \/>\n<meta property=\"og:site_name\" content=\"OYERS\" \/>\n<meta property=\"article:publisher\" content=\"https:\/\/www.facebook.com\/profile.php?id=100063463516718\" \/>\n<meta property=\"article:modified_time\" content=\"2026-04-21T18:16:38+00:00\" \/>\n<meta property=\"og:image\" content=\"https:\/\/predseda.oyers.cz\/wp-content\/uploads\/2022\/08\/Business_4k_resolution-30-resize-kompress.jpg\" \/>\n\t<meta property=\"og:image:width\" content=\"2560\" \/>\n\t<meta property=\"og:image:height\" content=\"1707\" \/>\n\t<meta property=\"og:image:type\" content=\"image\/jpeg\" \/>\n<meta name=\"twitter:card\" content=\"summary_large_image\" \/>\n<meta name=\"twitter:label1\" content=\"Est. reading time\" \/>\n\t<meta name=\"twitter:data1\" content=\"2 minutes\" \/>\n<script type=\"application\/ld+json\" class=\"yoast-schema-graph\">{\"@context\":\"https:\\\/\\\/schema.org\",\"@graph\":[{\"@type\":\"WebPage\",\"@id\":\"https:\\\/\\\/predseda.oyers.cz\\\/en\\\/\",\"url\":\"https:\\\/\\\/predseda.oyers.cz\\\/en\\\/\",\"name\":\"Home | OYERS\",\"isPartOf\":{\"@id\":\"https:\\\/\\\/predseda.oyers.cz\\\/en\\\/#website\"},\"primaryImageOfPage\":{\"@id\":\"https:\\\/\\\/predseda.oyers.cz\\\/en\\\/#primaryimage\"},\"image\":{\"@id\":\"https:\\\/\\\/predseda.oyers.cz\\\/en\\\/#primaryimage\"},\"thumbnailUrl\":\"https:\\\/\\\/predseda.oyers.cz\\\/wp-content\\\/uploads\\\/2026\\\/04\\\/Gemini_Generated_Image_bsxgc7bsxgc7bsxg-scaled.png\",\"datePublished\":\"2022-08-22T14:11:48+00:00\",\"dateModified\":\"2026-04-21T18:16:38+00:00\",\"breadcrumb\":{\"@id\":\"https:\\\/\\\/predseda.oyers.cz\\\/en\\\/#breadcrumb\"},\"inLanguage\":\"en-US\",\"potentialAction\":[{\"@type\":\"ReadAction\",\"target\":[\"https:\\\/\\\/predseda.oyers.cz\\\/en\\\/\"]}]},{\"@type\":\"ImageObject\",\"inLanguage\":\"en-US\",\"@id\":\"https:\\\/\\\/predseda.oyers.cz\\\/en\\\/#primaryimage\",\"url\":\"https:\\\/\\\/predseda.oyers.cz\\\/wp-content\\\/uploads\\\/2026\\\/04\\\/Gemini_Generated_Image_bsxgc7bsxgc7bsxg-scaled.png\",\"contentUrl\":\"https:\\\/\\\/predseda.oyers.cz\\\/wp-content\\\/uploads\\\/2026\\\/04\\\/Gemini_Generated_Image_bsxgc7bsxgc7bsxg-scaled.png\",\"width\":2560,\"height\":1429},{\"@type\":\"BreadcrumbList\",\"@id\":\"https:\\\/\\\/predseda.oyers.cz\\\/en\\\/#breadcrumb\",\"itemListElement\":[{\"@type\":\"ListItem\",\"position\":1,\"name\":\"Dom\u016f\",\"item\":\"https:\\\/\\\/predseda.oyers.cz\\\/en\\\/\"},{\"@type\":\"ListItem\",\"position\":2,\"name\":\"Home\"}]},{\"@type\":\"WebSite\",\"@id\":\"https:\\\/\\\/predseda.oyers.cz\\\/en\\\/#website\",\"url\":\"https:\\\/\\\/predseda.oyers.cz\\\/en\\\/\",\"name\":\"OYERS\",\"description\":\"\",\"publisher\":{\"@id\":\"https:\\\/\\\/predseda.oyers.cz\\\/en\\\/#organization\"},\"potentialAction\":[{\"@type\":\"SearchAction\",\"target\":{\"@type\":\"EntryPoint\",\"urlTemplate\":\"https:\\\/\\\/predseda.oyers.cz\\\/en\\\/?s={search_term_string}\"},\"query-input\":{\"@type\":\"PropertyValueSpecification\",\"valueRequired\":true,\"valueName\":\"search_term_string\"}}],\"inLanguage\":\"en-US\"},{\"@type\":\"Organization\",\"@id\":\"https:\\\/\\\/predseda.oyers.cz\\\/en\\\/#organization\",\"name\":\"OYERS\",\"url\":\"https:\\\/\\\/predseda.oyers.cz\\\/en\\\/\",\"logo\":{\"@type\":\"ImageObject\",\"inLanguage\":\"en-US\",\"@id\":\"https:\\\/\\\/predseda.oyers.cz\\\/en\\\/#\\\/schema\\\/logo\\\/image\\\/\",\"url\":\"https:\\\/\\\/predseda.oyers.cz\\\/wp-content\\\/uploads\\\/2022\\\/08\\\/logo.png\",\"contentUrl\":\"https:\\\/\\\/predseda.oyers.cz\\\/wp-content\\\/uploads\\\/2022\\\/08\\\/logo.png\",\"width\":681,\"height\":255,\"caption\":\"OYERS\"},\"image\":{\"@id\":\"https:\\\/\\\/predseda.oyers.cz\\\/en\\\/#\\\/schema\\\/logo\\\/image\\\/\"},\"sameAs\":[\"https:\\\/\\\/www.facebook.com\\\/profile.php?id=100063463516718\"]}]}<\/script>\n<!-- \/ Yoast SEO plugin. -->","yoast_head_json":{"title":"Home | OYERS","robots":{"index":"index","follow":"follow","max-snippet":"max-snippet:-1","max-image-preview":"max-image-preview:large","max-video-preview":"max-video-preview:-1"},"canonical":"https:\/\/predseda.oyers.cz\/en\/","og_locale":"en_US","og_type":"article","og_title":"Home | OYERS","og_url":"https:\/\/predseda.oyers.cz\/en\/","og_site_name":"OYERS","article_publisher":"https:\/\/www.facebook.com\/profile.php?id=100063463516718","article_modified_time":"2026-04-21T18:16:38+00:00","og_image":[{"width":2560,"height":1707,"url":"https:\/\/predseda.oyers.cz\/wp-content\/uploads\/2022\/08\/Business_4k_resolution-30-resize-kompress.jpg","type":"image\/jpeg"}],"twitter_card":"summary_large_image","twitter_misc":{"Est. reading time":"2 minutes"},"schema":{"@context":"https:\/\/schema.org","@graph":[{"@type":"WebPage","@id":"https:\/\/predseda.oyers.cz\/en\/","url":"https:\/\/predseda.oyers.cz\/en\/","name":"Home | OYERS","isPartOf":{"@id":"https:\/\/predseda.oyers.cz\/en\/#website"},"primaryImageOfPage":{"@id":"https:\/\/predseda.oyers.cz\/en\/#primaryimage"},"image":{"@id":"https:\/\/predseda.oyers.cz\/en\/#primaryimage"},"thumbnailUrl":"https:\/\/predseda.oyers.cz\/wp-content\/uploads\/2026\/04\/Gemini_Generated_Image_bsxgc7bsxgc7bsxg-scaled.png","datePublished":"2022-08-22T14:11:48+00:00","dateModified":"2026-04-21T18:16:38+00:00","breadcrumb":{"@id":"https:\/\/predseda.oyers.cz\/en\/#breadcrumb"},"inLanguage":"en-US","potentialAction":[{"@type":"ReadAction","target":["https:\/\/predseda.oyers.cz\/en\/"]}]},{"@type":"ImageObject","inLanguage":"en-US","@id":"https:\/\/predseda.oyers.cz\/en\/#primaryimage","url":"https:\/\/predseda.oyers.cz\/wp-content\/uploads\/2026\/04\/Gemini_Generated_Image_bsxgc7bsxgc7bsxg-scaled.png","contentUrl":"https:\/\/predseda.oyers.cz\/wp-content\/uploads\/2026\/04\/Gemini_Generated_Image_bsxgc7bsxgc7bsxg-scaled.png","width":2560,"height":1429},{"@type":"BreadcrumbList","@id":"https:\/\/predseda.oyers.cz\/en\/#breadcrumb","itemListElement":[{"@type":"ListItem","position":1,"name":"Dom\u016f","item":"https:\/\/predseda.oyers.cz\/en\/"},{"@type":"ListItem","position":2,"name":"Home"}]},{"@type":"WebSite","@id":"https:\/\/predseda.oyers.cz\/en\/#website","url":"https:\/\/predseda.oyers.cz\/en\/","name":"OYERS","description":"","publisher":{"@id":"https:\/\/predseda.oyers.cz\/en\/#organization"},"potentialAction":[{"@type":"SearchAction","target":{"@type":"EntryPoint","urlTemplate":"https:\/\/predseda.oyers.cz\/en\/?s={search_term_string}"},"query-input":{"@type":"PropertyValueSpecification","valueRequired":true,"valueName":"search_term_string"}}],"inLanguage":"en-US"},{"@type":"Organization","@id":"https:\/\/predseda.oyers.cz\/en\/#organization","name":"OYERS","url":"https:\/\/predseda.oyers.cz\/en\/","logo":{"@type":"ImageObject","inLanguage":"en-US","@id":"https:\/\/predseda.oyers.cz\/en\/#\/schema\/logo\/image\/","url":"https:\/\/predseda.oyers.cz\/wp-content\/uploads\/2022\/08\/logo.png","contentUrl":"https:\/\/predseda.oyers.cz\/wp-content\/uploads\/2022\/08\/logo.png","width":681,"height":255,"caption":"OYERS"},"image":{"@id":"https:\/\/predseda.oyers.cz\/en\/#\/schema\/logo\/image\/"},"sameAs":["https:\/\/www.facebook.com\/profile.php?id=100063463516718"]}]}},"_links":{"self":[{"href":"https:\/\/predseda.oyers.cz\/en\/wp-json\/wp\/v2\/pages\/456","targetHints":{"allow":["GET"]}}],"collection":[{"href":"https:\/\/predseda.oyers.cz\/en\/wp-json\/wp\/v2\/pages"}],"about":[{"href":"https:\/\/predseda.oyers.cz\/en\/wp-json\/wp\/v2\/types\/page"}],"author":[{"embeddable":true,"href":"https:\/\/predseda.oyers.cz\/en\/wp-json\/wp\/v2\/users\/2"}],"replies":[{"embeddable":true,"href":"https:\/\/predseda.oyers.cz\/en\/wp-json\/wp\/v2\/comments?post=456"}],"version-history":[{"count":4,"href":"https:\/\/predseda.oyers.cz\/en\/wp-json\/wp\/v2\/pages\/456\/revisions"}],"predecessor-version":[{"id":1678,"href":"https:\/\/predseda.oyers.cz\/en\/wp-json\/wp\/v2\/pages\/456\/revisions\/1678"}],"wp:featuredmedia":[{"embeddable":true,"href":"https:\/\/predseda.oyers.cz\/en\/wp-json\/wp\/v2\/media\/1681"}],"wp:attachment":[{"href":"https:\/\/predseda.oyers.cz\/en\/wp-json\/wp\/v2\/media?parent=456"}],"curies":[{"name":"wp","href":"https:\/\/api.w.org\/{rel}","templated":true}]}}