{"id":466,"date":"2022-08-22T16:13:45","date_gmt":"2022-08-22T14:13:45","guid":{"rendered":"https:\/\/predseda.oyers.cz\/?page_id=466"},"modified":"2022-10-27T00:08:29","modified_gmt":"2022-10-26T22:08:29","slug":"our-team","status":"publish","type":"page","link":"https:\/\/predseda.oyers.cz\/en\/our-team\/","title":{"rendered":"Our team"},"content":{"rendered":"\n<p>List of all team members.<\/p>\n","protected":false},"excerpt":{"rendered":"<p>List of all team members.<\/p>\n","protected":false},"author":2,"featured_media":0,"parent":0,"menu_order":5,"comment_status":"closed","ping_status":"closed","template":"page-our-team.php","meta":{"footnotes":""},"class_list":["post-466","page","type-page","status-publish","hentry"],"yoast_head":"<!-- This site is optimized with the Yoast SEO plugin v27.4 - https:\/\/yoast.com\/product\/yoast-seo-wordpress\/ -->\n<title>Our team | OYERS<\/title>\n<meta name=\"description\" content=\"N\u00e1\u0161 v\u00edce jak deseti\u010dlenn\u00fd t\u00fdm zku\u0161en\u00fdch pr\u00e1vn\u00edk\u016f a advok\u00e1t\u016f je v\u00e1m pln\u011b k dispozici. Zakl\u00e1d\u00e1me si na nadstandardn\u00edm p\u0159\u00edstupu ke klient\u016fm.\" \/>\n<meta name=\"robots\" content=\"index, follow, max-snippet:-1, max-image-preview:large, max-video-preview:-1\" \/>\n<link rel=\"canonical\" href=\"https:\/\/predseda.oyers.cz\/en\/our-team\/\" \/>\n<meta property=\"og:locale\" content=\"en_US\" \/>\n<meta property=\"og:type\" content=\"article\" \/>\n<meta property=\"og:title\" content=\"Our team | OYERS\" \/>\n<meta property=\"og:description\" content=\"N\u00e1\u0161 v\u00edce jak deseti\u010dlenn\u00fd t\u00fdm zku\u0161en\u00fdch pr\u00e1vn\u00edk\u016f a advok\u00e1t\u016f je v\u00e1m pln\u011b k dispozici. Zakl\u00e1d\u00e1me si na nadstandardn\u00edm p\u0159\u00edstupu ke klient\u016fm.\" \/>\n<meta property=\"og:url\" content=\"https:\/\/predseda.oyers.cz\/en\/our-team\/\" \/>\n<meta property=\"og:site_name\" content=\"OYERS\" \/>\n<meta property=\"article:publisher\" content=\"https:\/\/www.facebook.com\/profile.php?id=100063463516718\" \/>\n<meta property=\"article:modified_time\" content=\"2022-10-26T22:08:29+00:00\" \/>\n<meta property=\"og:image\" content=\"https:\/\/predseda.oyers.cz\/wp-content\/uploads\/2022\/08\/logo.png\" \/>\n\t<meta property=\"og:image:width\" content=\"681\" \/>\n\t<meta property=\"og:image:height\" content=\"255\" \/>\n\t<meta property=\"og:image:type\" content=\"image\/png\" \/>\n<meta name=\"twitter:card\" content=\"summary_large_image\" \/>\n<meta name=\"twitter:label1\" content=\"Est. reading time\" \/>\n\t<meta name=\"twitter:data1\" content=\"1 minute\" \/>\n<script type=\"application\/ld+json\" class=\"yoast-schema-graph\">{\"@context\":\"https:\\\/\\\/schema.org\",\"@graph\":[{\"@type\":\"WebPage\",\"@id\":\"https:\\\/\\\/predseda.oyers.cz\\\/en\\\/our-team\\\/\",\"url\":\"https:\\\/\\\/predseda.oyers.cz\\\/en\\\/our-team\\\/\",\"name\":\"Our team | OYERS\",\"isPartOf\":{\"@id\":\"https:\\\/\\\/predseda.oyers.cz\\\/en\\\/#website\"},\"datePublished\":\"2022-08-22T14:13:45+00:00\",\"dateModified\":\"2022-10-26T22:08:29+00:00\",\"description\":\"N\u00e1\u0161 v\u00edce jak deseti\u010dlenn\u00fd t\u00fdm zku\u0161en\u00fdch pr\u00e1vn\u00edk\u016f a advok\u00e1t\u016f je v\u00e1m pln\u011b k dispozici. Zakl\u00e1d\u00e1me si na nadstandardn\u00edm p\u0159\u00edstupu ke klient\u016fm.\",\"breadcrumb\":{\"@id\":\"https:\\\/\\\/predseda.oyers.cz\\\/en\\\/our-team\\\/#breadcrumb\"},\"inLanguage\":\"en-US\",\"potentialAction\":[{\"@type\":\"ReadAction\",\"target\":[\"https:\\\/\\\/predseda.oyers.cz\\\/en\\\/our-team\\\/\"]}]},{\"@type\":\"BreadcrumbList\",\"@id\":\"https:\\\/\\\/predseda.oyers.cz\\\/en\\\/our-team\\\/#breadcrumb\",\"itemListElement\":[{\"@type\":\"ListItem\",\"position\":1,\"name\":\"Dom\u016f\",\"item\":\"https:\\\/\\\/predseda.oyers.cz\\\/en\\\/\"},{\"@type\":\"ListItem\",\"position\":2,\"name\":\"Our team\"}]},{\"@type\":\"WebSite\",\"@id\":\"https:\\\/\\\/predseda.oyers.cz\\\/en\\\/#website\",\"url\":\"https:\\\/\\\/predseda.oyers.cz\\\/en\\\/\",\"name\":\"OYERS\",\"description\":\"\",\"publisher\":{\"@id\":\"https:\\\/\\\/predseda.oyers.cz\\\/en\\\/#organization\"},\"potentialAction\":[{\"@type\":\"SearchAction\",\"target\":{\"@type\":\"EntryPoint\",\"urlTemplate\":\"https:\\\/\\\/predseda.oyers.cz\\\/en\\\/?s={search_term_string}\"},\"query-input\":{\"@type\":\"PropertyValueSpecification\",\"valueRequired\":true,\"valueName\":\"search_term_string\"}}],\"inLanguage\":\"en-US\"},{\"@type\":\"Organization\",\"@id\":\"https:\\\/\\\/predseda.oyers.cz\\\/en\\\/#organization\",\"name\":\"OYERS\",\"url\":\"https:\\\/\\\/predseda.oyers.cz\\\/en\\\/\",\"logo\":{\"@type\":\"ImageObject\",\"inLanguage\":\"en-US\",\"@id\":\"https:\\\/\\\/predseda.oyers.cz\\\/en\\\/#\\\/schema\\\/logo\\\/image\\\/\",\"url\":\"https:\\\/\\\/predseda.oyers.cz\\\/wp-content\\\/uploads\\\/2022\\\/08\\\/logo.png\",\"contentUrl\":\"https:\\\/\\\/predseda.oyers.cz\\\/wp-content\\\/uploads\\\/2022\\\/08\\\/logo.png\",\"width\":681,\"height\":255,\"caption\":\"OYERS\"},\"image\":{\"@id\":\"https:\\\/\\\/predseda.oyers.cz\\\/en\\\/#\\\/schema\\\/logo\\\/image\\\/\"},\"sameAs\":[\"https:\\\/\\\/www.facebook.com\\\/profile.php?id=100063463516718\"]}]}<\/script>\n<!-- \/ Yoast SEO plugin. -->","yoast_head_json":{"title":"Our team | OYERS","description":"N\u00e1\u0161 v\u00edce jak deseti\u010dlenn\u00fd t\u00fdm zku\u0161en\u00fdch pr\u00e1vn\u00edk\u016f a advok\u00e1t\u016f je v\u00e1m pln\u011b k dispozici. Zakl\u00e1d\u00e1me si na nadstandardn\u00edm p\u0159\u00edstupu ke klient\u016fm.","robots":{"index":"index","follow":"follow","max-snippet":"max-snippet:-1","max-image-preview":"max-image-preview:large","max-video-preview":"max-video-preview:-1"},"canonical":"https:\/\/predseda.oyers.cz\/en\/our-team\/","og_locale":"en_US","og_type":"article","og_title":"Our team | OYERS","og_description":"N\u00e1\u0161 v\u00edce jak deseti\u010dlenn\u00fd t\u00fdm zku\u0161en\u00fdch pr\u00e1vn\u00edk\u016f a advok\u00e1t\u016f je v\u00e1m pln\u011b k dispozici. Zakl\u00e1d\u00e1me si na nadstandardn\u00edm p\u0159\u00edstupu ke klient\u016fm.","og_url":"https:\/\/predseda.oyers.cz\/en\/our-team\/","og_site_name":"OYERS","article_publisher":"https:\/\/www.facebook.com\/profile.php?id=100063463516718","article_modified_time":"2022-10-26T22:08:29+00:00","og_image":[{"width":681,"height":255,"url":"https:\/\/predseda.oyers.cz\/wp-content\/uploads\/2022\/08\/logo.png","type":"image\/png"}],"twitter_card":"summary_large_image","twitter_misc":{"Est. reading time":"1 minute"},"schema":{"@context":"https:\/\/schema.org","@graph":[{"@type":"WebPage","@id":"https:\/\/predseda.oyers.cz\/en\/our-team\/","url":"https:\/\/predseda.oyers.cz\/en\/our-team\/","name":"Our team | OYERS","isPartOf":{"@id":"https:\/\/predseda.oyers.cz\/en\/#website"},"datePublished":"2022-08-22T14:13:45+00:00","dateModified":"2022-10-26T22:08:29+00:00","description":"N\u00e1\u0161 v\u00edce jak deseti\u010dlenn\u00fd t\u00fdm zku\u0161en\u00fdch pr\u00e1vn\u00edk\u016f a advok\u00e1t\u016f je v\u00e1m pln\u011b k dispozici. Zakl\u00e1d\u00e1me si na nadstandardn\u00edm p\u0159\u00edstupu ke klient\u016fm.","breadcrumb":{"@id":"https:\/\/predseda.oyers.cz\/en\/our-team\/#breadcrumb"},"inLanguage":"en-US","potentialAction":[{"@type":"ReadAction","target":["https:\/\/predseda.oyers.cz\/en\/our-team\/"]}]},{"@type":"BreadcrumbList","@id":"https:\/\/predseda.oyers.cz\/en\/our-team\/#breadcrumb","itemListElement":[{"@type":"ListItem","position":1,"name":"Dom\u016f","item":"https:\/\/predseda.oyers.cz\/en\/"},{"@type":"ListItem","position":2,"name":"Our team"}]},{"@type":"WebSite","@id":"https:\/\/predseda.oyers.cz\/en\/#website","url":"https:\/\/predseda.oyers.cz\/en\/","name":"OYERS","description":"","publisher":{"@id":"https:\/\/predseda.oyers.cz\/en\/#organization"},"potentialAction":[{"@type":"SearchAction","target":{"@type":"EntryPoint","urlTemplate":"https:\/\/predseda.oyers.cz\/en\/?s={search_term_string}"},"query-input":{"@type":"PropertyValueSpecification","valueRequired":true,"valueName":"search_term_string"}}],"inLanguage":"en-US"},{"@type":"Organization","@id":"https:\/\/predseda.oyers.cz\/en\/#organization","name":"OYERS","url":"https:\/\/predseda.oyers.cz\/en\/","logo":{"@type":"ImageObject","inLanguage":"en-US","@id":"https:\/\/predseda.oyers.cz\/en\/#\/schema\/logo\/image\/","url":"https:\/\/predseda.oyers.cz\/wp-content\/uploads\/2022\/08\/logo.png","contentUrl":"https:\/\/predseda.oyers.cz\/wp-content\/uploads\/2022\/08\/logo.png","width":681,"height":255,"caption":"OYERS"},"image":{"@id":"https:\/\/predseda.oyers.cz\/en\/#\/schema\/logo\/image\/"},"sameAs":["https:\/\/www.facebook.com\/profile.php?id=100063463516718"]}]}},"_links":{"self":[{"href":"https:\/\/predseda.oyers.cz\/en\/wp-json\/wp\/v2\/pages\/466","targetHints":{"allow":["GET"]}}],"collection":[{"href":"https:\/\/predseda.oyers.cz\/en\/wp-json\/wp\/v2\/pages"}],"about":[{"href":"https:\/\/predseda.oyers.cz\/en\/wp-json\/wp\/v2\/types\/page"}],"author":[{"embeddable":true,"href":"https:\/\/predseda.oyers.cz\/en\/wp-json\/wp\/v2\/users\/2"}],"replies":[{"embeddable":true,"href":"https:\/\/predseda.oyers.cz\/en\/wp-json\/wp\/v2\/comments?post=466"}],"version-history":[{"count":1,"href":"https:\/\/predseda.oyers.cz\/en\/wp-json\/wp\/v2\/pages\/466\/revisions"}],"predecessor-version":[{"id":467,"href":"https:\/\/predseda.oyers.cz\/en\/wp-json\/wp\/v2\/pages\/466\/revisions\/467"}],"wp:attachment":[{"href":"https:\/\/predseda.oyers.cz\/en\/wp-json\/wp\/v2\/media?parent=466"}],"curies":[{"name":"wp","href":"https:\/\/api.w.org\/{rel}","templated":true}]}}