{"id":576,"date":"2022-08-22T16:14:47","date_gmt":"2022-08-22T14:14:47","guid":{"rendered":"https:\/\/predseda.oyers.cz\/?page_id=576"},"modified":"2026-04-21T20:11:26","modified_gmt":"2026-04-21T18:11:26","slug":"contact","status":"publish","type":"page","link":"https:\/\/predseda.oyers.cz\/en\/contact\/","title":{"rendered":"Contact"},"content":{"rendered":"\n<div class=\"wp-block-columns is-layout-flex wp-container-core-columns-is-layout-9d6595d7 wp-block-columns-is-layout-flex\">\n<div class=\"wp-block-column is-layout-flow wp-block-column-is-layout-flow\" style=\"flex-basis:66.66%\">\n<div class=\"wp-block-columns is-layout-flex wp-container-core-columns-is-layout-9d6595d7 wp-block-columns-is-layout-flex\">\n<div class=\"wp-block-column is-layout-flow wp-block-column-is-layout-flow\">\n<ul class=\"wp-block-list\">\n<li><strong>OYERS Chairman, s.r.o.<\/strong><\/li>\n\n\n\n<li><strong><a href=\"tel:+420549213630\">Telephone<\/a><\/strong>:&nbsp;<a href=\"tel:+420549213630\">+420 549 213 630<\/a><\/li>\n\n\n\n<li><strong><a href=\"mailto:info@oyers.law\">E-mail:<\/a><\/strong><a href=\"mailto:info@oyers.law\">&nbsp;info@oyers.law<\/a><\/li>\n\n\n\n<li><a href=\"https:\/\/www.mojedatovaschranka.cz\/sds\/searchList?start=null&amp;extendedSearch=no&amp;searchCriterion=ovm_name_of_subject&amp;searchValue=m6yg5ez\" target=\"_blank\" rel=\"noreferrer noopener\"><strong><strong>ID of Data Box:<\/strong>\u00a0<\/strong><\/a><a href=\"https:\/\/www.mojedatovaschranka.cz\/sds\/searchList?start=null&amp;extendedSearch=no&amp;searchCriterion=ovm_name_of_subject&amp;searchValue=3c3u39p\" target=\"_blank\" rel=\"noreferrer noopener\"><a href=\"https:\/\/www.mojedatovaschranka.cz\/sds\/searchList?start=null&amp;extendedSearch=no&amp;searchCriterion=ovm_name_of_subject&amp;searchValue=sbm8qfq\" target=\"_blank\" rel=\"noreferrer noopener\">sbm8qfq<\/a><\/a><\/li>\n\n\n\n<li><strong>Company number:<\/strong>&nbsp;17497680<\/li>\n\n\n\n<li><strong>Tax number:<\/strong> CZ17497680<\/li>\n<\/ul>\n<\/div>\n<\/div>\n<\/div>\n\n\n\n<div class=\"wp-block-column is-layout-flow wp-block-column-is-layout-flow\" style=\"flex-basis:33.33%\">\n<p><strong>Brno<\/strong><br><strong><a href=\"https:\/\/www.google.com\/maps\/place\/Botanick%C3%A1+785%2F9,+602+00+Brno-st%C5%99ed\/@49.2054083,16.5983964,17z\/data=!3m1!4b1!4m6!3m5!1s0x4712944229532a93:0x8de9e574403475c7!8m2!3d49.2054048!4d16.6009713!16s%2Fg%2F11r_mj98jy?hl=cs-CZ&amp;entry=ttu&amp;g_ep=EgoyMDI2MDQxOS4wIKXMDSoASAFQAw%3D%3D\">Botanick\u00e1 785\/9, Veve\u0159\u00ed, 602 00 Brno<\/a><\/strong><\/p>\n<\/div>\n<\/div>\n\n\n\n<div class=\"wp-block-columns is-layout-flex wp-container-core-columns-is-layout-9d6595d7 wp-block-columns-is-layout-flex\">\n<div class=\"wp-block-column is-layout-flow wp-block-column-is-layout-flow\">\n<div class=\"wp-block-contact-form-7-contact-form-selector\">\n<div class=\"wpcf7 no-js\" id=\"wpcf7-f767-o1\" lang=\"en-US\" dir=\"ltr\" data-wpcf7-id=\"767\">\n<div class=\"screen-reader-response\"><p role=\"status\" aria-live=\"polite\" aria-atomic=\"true\"><\/p> <ul><\/ul><\/div>\n<form action=\"\/en\/wp-json\/wp\/v2\/pages\/576#wpcf7-f767-o1\" method=\"post\" class=\"wpcf7-form init\" aria-label=\"Contact form\" novalidate=\"novalidate\" data-status=\"init\">\n<div style=\"display: none;\">\n<input type=\"hidden\" name=\"_wpcf7\" value=\"767\" \/>\n<input type=\"hidden\" name=\"_wpcf7_version\" value=\"6.0.5\" \/>\n<input type=\"hidden\" name=\"_wpcf7_locale\" value=\"en_US\" \/>\n<input type=\"hidden\" name=\"_wpcf7_unit_tag\" value=\"wpcf7-f767-o1\" \/>\n<input type=\"hidden\" name=\"_wpcf7_container_post\" value=\"0\" \/>\n<input type=\"hidden\" name=\"_wpcf7_posted_data_hash\" value=\"\" \/>\n<input type=\"hidden\" name=\"_wpcf7_recaptcha_response\" value=\"\" \/>\n<\/div>\n<h2>Contact form\n<\/h2>\n<p><label class=\"half\"><span class=\"wpcf7-form-control-wrap\" data-name=\"service_name\"><input size=\"40\" maxlength=\"400\" class=\"wpcf7-form-control wpcf7-text wpcf7-validates-as-required\" aria-required=\"true\" aria-invalid=\"false\" value=\"\" type=\"text\" name=\"service_name\" \/><\/span><span class=\"cm-placeholder\">Full name<\/span><\/label><br \/>\n<label class=\"half\"><span class=\"wpcf7-form-control-wrap\" data-name=\"service_email\"><input size=\"40\" maxlength=\"400\" class=\"wpcf7-form-control wpcf7-email wpcf7-validates-as-required wpcf7-text wpcf7-validates-as-email\" aria-required=\"true\" aria-invalid=\"false\" value=\"\" type=\"email\" name=\"service_email\" \/><\/span><span class=\"cm-placeholder\">Your e-mail<\/span><\/label><br \/>\n<label><span class=\"wpcf7-form-control-wrap\" data-name=\"service_text\"><textarea cols=\"40\" rows=\"10\" maxlength=\"2000\" class=\"wpcf7-form-control wpcf7-textarea wpcf7-validates-as-required\" aria-required=\"true\" aria-invalid=\"false\" name=\"service_text\"><\/textarea><\/span><span class=\"cm-placeholder\">Your message<\/span><\/label><br \/>\n<label class=\"flap\"><span>Fields marked (*) are required.<\/span><\/label><br \/>\n<label class=\"flap to-right\"><input class=\"wpcf7-form-control wpcf7-submit has-spinner\" type=\"submit\" value=\"Send\" \/><\/label>\n<\/p><div class=\"wpcf7-response-output\" aria-hidden=\"true\"><\/div>\n<\/form>\n<\/div>\n<\/div>\n<\/div>\n<\/div>\n\n\n\n<iframe src=\"https:\/\/www.google.com\/maps\/embed?pb=!1m18!1m12!1m3!1d2606.744394805661!2d16.598396377387715!3d49.2054082762218!2m3!1f0!2f0!3f0!3m2!1i1024!2i768!4f13.1!3m3!1m2!1s0x4712944229532a93%3A0x8de9e574403475c7!2sBotanick%C3%A1%20785%2F9%2C%20602%2000%20Brno-st%C5%99ed!5e0!3m2!1scs!2scz!4v1776782605721!5m2!1scs!2scz\" width=\"100%\" height=\"450\" style=\"border:0;\" allowfullscreen=\"\" loading=\"lazy\" referrerpolicy=\"no-referrer-when-downgrade\"><\/iframe>\n","protected":false},"excerpt":{"rendered":"<p>BrnoBotanick\u00e1 785\/9, Veve\u0159\u00ed, 602 00 Brno<\/p>\n","protected":false},"author":2,"featured_media":0,"parent":0,"menu_order":7,"comment_status":"closed","ping_status":"closed","template":"page-our-contact.php","meta":{"footnotes":""},"class_list":["post-576","page","type-page","status-publish","hentry"],"yoast_head":"<!-- This site is optimized with the Yoast SEO plugin v27.4 - https:\/\/yoast.com\/product\/yoast-seo-wordpress\/ -->\n<title>Contact | OYERS<\/title>\n<meta name=\"description\" content=\"Kontaktujte advok\u00e1tn\u00ed kancel\u00e1\u0159 OYERS s\u00eddl\u00edc\u00ed v Ostrav\u011b a Brn\u011b. Zab\u00fdv\u00e1me se v\u0161emi oblastmi pr\u00e1va a m\u00e1me za sebou v\u00edce jak 28 let zku\u0161enost\u00ed.\" \/>\n<meta name=\"robots\" content=\"index, follow, max-snippet:-1, max-image-preview:large, max-video-preview:-1\" \/>\n<link rel=\"canonical\" href=\"https:\/\/predseda.oyers.cz\/en\/contact\/\" \/>\n<meta property=\"og:locale\" content=\"en_US\" \/>\n<meta property=\"og:type\" content=\"article\" \/>\n<meta property=\"og:title\" content=\"Contact | OYERS\" \/>\n<meta property=\"og:description\" content=\"Kontaktujte advok\u00e1tn\u00ed kancel\u00e1\u0159 OYERS s\u00eddl\u00edc\u00ed v Ostrav\u011b a Brn\u011b. Zab\u00fdv\u00e1me se v\u0161emi oblastmi pr\u00e1va a m\u00e1me za sebou v\u00edce jak 28 let zku\u0161enost\u00ed.\" \/>\n<meta property=\"og:url\" content=\"https:\/\/predseda.oyers.cz\/en\/contact\/\" \/>\n<meta property=\"og:site_name\" content=\"OYERS\" \/>\n<meta property=\"article:publisher\" content=\"https:\/\/www.facebook.com\/profile.php?id=100063463516718\" \/>\n<meta property=\"article:modified_time\" content=\"2026-04-21T18:11:26+00:00\" \/>\n<meta property=\"og:image\" content=\"https:\/\/predseda.oyers.cz\/wp-content\/uploads\/2022\/08\/logo.png\" \/>\n\t<meta property=\"og:image:width\" content=\"681\" \/>\n\t<meta property=\"og:image:height\" content=\"255\" \/>\n\t<meta property=\"og:image:type\" content=\"image\/png\" \/>\n<meta name=\"twitter:card\" content=\"summary_large_image\" \/>\n<meta name=\"twitter:label1\" content=\"Est. reading time\" \/>\n\t<meta name=\"twitter:data1\" content=\"1 minute\" \/>\n<script type=\"application\/ld+json\" class=\"yoast-schema-graph\">{\"@context\":\"https:\\\/\\\/schema.org\",\"@graph\":[{\"@type\":\"WebPage\",\"@id\":\"https:\\\/\\\/predseda.oyers.cz\\\/en\\\/contact\\\/\",\"url\":\"https:\\\/\\\/predseda.oyers.cz\\\/en\\\/contact\\\/\",\"name\":\"Contact | OYERS\",\"isPartOf\":{\"@id\":\"https:\\\/\\\/predseda.oyers.cz\\\/en\\\/#website\"},\"datePublished\":\"2022-08-22T14:14:47+00:00\",\"dateModified\":\"2026-04-21T18:11:26+00:00\",\"description\":\"Kontaktujte advok\u00e1tn\u00ed kancel\u00e1\u0159 OYERS s\u00eddl\u00edc\u00ed v Ostrav\u011b a Brn\u011b. Zab\u00fdv\u00e1me se v\u0161emi oblastmi pr\u00e1va a m\u00e1me za sebou v\u00edce jak 28 let zku\u0161enost\u00ed.\",\"breadcrumb\":{\"@id\":\"https:\\\/\\\/predseda.oyers.cz\\\/en\\\/contact\\\/#breadcrumb\"},\"inLanguage\":\"en-US\",\"potentialAction\":[{\"@type\":\"ReadAction\",\"target\":[\"https:\\\/\\\/predseda.oyers.cz\\\/en\\\/contact\\\/\"]}]},{\"@type\":\"BreadcrumbList\",\"@id\":\"https:\\\/\\\/predseda.oyers.cz\\\/en\\\/contact\\\/#breadcrumb\",\"itemListElement\":[{\"@type\":\"ListItem\",\"position\":1,\"name\":\"Dom\u016f\",\"item\":\"https:\\\/\\\/predseda.oyers.cz\\\/en\\\/\"},{\"@type\":\"ListItem\",\"position\":2,\"name\":\"Contact\"}]},{\"@type\":\"WebSite\",\"@id\":\"https:\\\/\\\/predseda.oyers.cz\\\/en\\\/#website\",\"url\":\"https:\\\/\\\/predseda.oyers.cz\\\/en\\\/\",\"name\":\"OYERS\",\"description\":\"\",\"publisher\":{\"@id\":\"https:\\\/\\\/predseda.oyers.cz\\\/en\\\/#organization\"},\"potentialAction\":[{\"@type\":\"SearchAction\",\"target\":{\"@type\":\"EntryPoint\",\"urlTemplate\":\"https:\\\/\\\/predseda.oyers.cz\\\/en\\\/?s={search_term_string}\"},\"query-input\":{\"@type\":\"PropertyValueSpecification\",\"valueRequired\":true,\"valueName\":\"search_term_string\"}}],\"inLanguage\":\"en-US\"},{\"@type\":\"Organization\",\"@id\":\"https:\\\/\\\/predseda.oyers.cz\\\/en\\\/#organization\",\"name\":\"OYERS\",\"url\":\"https:\\\/\\\/predseda.oyers.cz\\\/en\\\/\",\"logo\":{\"@type\":\"ImageObject\",\"inLanguage\":\"en-US\",\"@id\":\"https:\\\/\\\/predseda.oyers.cz\\\/en\\\/#\\\/schema\\\/logo\\\/image\\\/\",\"url\":\"https:\\\/\\\/predseda.oyers.cz\\\/wp-content\\\/uploads\\\/2022\\\/08\\\/logo.png\",\"contentUrl\":\"https:\\\/\\\/predseda.oyers.cz\\\/wp-content\\\/uploads\\\/2022\\\/08\\\/logo.png\",\"width\":681,\"height\":255,\"caption\":\"OYERS\"},\"image\":{\"@id\":\"https:\\\/\\\/predseda.oyers.cz\\\/en\\\/#\\\/schema\\\/logo\\\/image\\\/\"},\"sameAs\":[\"https:\\\/\\\/www.facebook.com\\\/profile.php?id=100063463516718\"]}]}<\/script>\n<!-- \/ Yoast SEO plugin. -->","yoast_head_json":{"title":"Contact | OYERS","description":"Kontaktujte advok\u00e1tn\u00ed kancel\u00e1\u0159 OYERS s\u00eddl\u00edc\u00ed v Ostrav\u011b a Brn\u011b. Zab\u00fdv\u00e1me se v\u0161emi oblastmi pr\u00e1va a m\u00e1me za sebou v\u00edce jak 28 let zku\u0161enost\u00ed.","robots":{"index":"index","follow":"follow","max-snippet":"max-snippet:-1","max-image-preview":"max-image-preview:large","max-video-preview":"max-video-preview:-1"},"canonical":"https:\/\/predseda.oyers.cz\/en\/contact\/","og_locale":"en_US","og_type":"article","og_title":"Contact | OYERS","og_description":"Kontaktujte advok\u00e1tn\u00ed kancel\u00e1\u0159 OYERS s\u00eddl\u00edc\u00ed v Ostrav\u011b a Brn\u011b. Zab\u00fdv\u00e1me se v\u0161emi oblastmi pr\u00e1va a m\u00e1me za sebou v\u00edce jak 28 let zku\u0161enost\u00ed.","og_url":"https:\/\/predseda.oyers.cz\/en\/contact\/","og_site_name":"OYERS","article_publisher":"https:\/\/www.facebook.com\/profile.php?id=100063463516718","article_modified_time":"2026-04-21T18:11:26+00:00","og_image":[{"width":681,"height":255,"url":"https:\/\/predseda.oyers.cz\/wp-content\/uploads\/2022\/08\/logo.png","type":"image\/png"}],"twitter_card":"summary_large_image","twitter_misc":{"Est. reading time":"1 minute"},"schema":{"@context":"https:\/\/schema.org","@graph":[{"@type":"WebPage","@id":"https:\/\/predseda.oyers.cz\/en\/contact\/","url":"https:\/\/predseda.oyers.cz\/en\/contact\/","name":"Contact | OYERS","isPartOf":{"@id":"https:\/\/predseda.oyers.cz\/en\/#website"},"datePublished":"2022-08-22T14:14:47+00:00","dateModified":"2026-04-21T18:11:26+00:00","description":"Kontaktujte advok\u00e1tn\u00ed kancel\u00e1\u0159 OYERS s\u00eddl\u00edc\u00ed v Ostrav\u011b a Brn\u011b. Zab\u00fdv\u00e1me se v\u0161emi oblastmi pr\u00e1va a m\u00e1me za sebou v\u00edce jak 28 let zku\u0161enost\u00ed.","breadcrumb":{"@id":"https:\/\/predseda.oyers.cz\/en\/contact\/#breadcrumb"},"inLanguage":"en-US","potentialAction":[{"@type":"ReadAction","target":["https:\/\/predseda.oyers.cz\/en\/contact\/"]}]},{"@type":"BreadcrumbList","@id":"https:\/\/predseda.oyers.cz\/en\/contact\/#breadcrumb","itemListElement":[{"@type":"ListItem","position":1,"name":"Dom\u016f","item":"https:\/\/predseda.oyers.cz\/en\/"},{"@type":"ListItem","position":2,"name":"Contact"}]},{"@type":"WebSite","@id":"https:\/\/predseda.oyers.cz\/en\/#website","url":"https:\/\/predseda.oyers.cz\/en\/","name":"OYERS","description":"","publisher":{"@id":"https:\/\/predseda.oyers.cz\/en\/#organization"},"potentialAction":[{"@type":"SearchAction","target":{"@type":"EntryPoint","urlTemplate":"https:\/\/predseda.oyers.cz\/en\/?s={search_term_string}"},"query-input":{"@type":"PropertyValueSpecification","valueRequired":true,"valueName":"search_term_string"}}],"inLanguage":"en-US"},{"@type":"Organization","@id":"https:\/\/predseda.oyers.cz\/en\/#organization","name":"OYERS","url":"https:\/\/predseda.oyers.cz\/en\/","logo":{"@type":"ImageObject","inLanguage":"en-US","@id":"https:\/\/predseda.oyers.cz\/en\/#\/schema\/logo\/image\/","url":"https:\/\/predseda.oyers.cz\/wp-content\/uploads\/2022\/08\/logo.png","contentUrl":"https:\/\/predseda.oyers.cz\/wp-content\/uploads\/2022\/08\/logo.png","width":681,"height":255,"caption":"OYERS"},"image":{"@id":"https:\/\/predseda.oyers.cz\/en\/#\/schema\/logo\/image\/"},"sameAs":["https:\/\/www.facebook.com\/profile.php?id=100063463516718"]}]}},"_links":{"self":[{"href":"https:\/\/predseda.oyers.cz\/en\/wp-json\/wp\/v2\/pages\/576","targetHints":{"allow":["GET"]}}],"collection":[{"href":"https:\/\/predseda.oyers.cz\/en\/wp-json\/wp\/v2\/pages"}],"about":[{"href":"https:\/\/predseda.oyers.cz\/en\/wp-json\/wp\/v2\/types\/page"}],"author":[{"embeddable":true,"href":"https:\/\/predseda.oyers.cz\/en\/wp-json\/wp\/v2\/users\/2"}],"replies":[{"embeddable":true,"href":"https:\/\/predseda.oyers.cz\/en\/wp-json\/wp\/v2\/comments?post=576"}],"version-history":[{"count":3,"href":"https:\/\/predseda.oyers.cz\/en\/wp-json\/wp\/v2\/pages\/576\/revisions"}],"predecessor-version":[{"id":1677,"href":"https:\/\/predseda.oyers.cz\/en\/wp-json\/wp\/v2\/pages\/576\/revisions\/1677"}],"wp:attachment":[{"href":"https:\/\/predseda.oyers.cz\/en\/wp-json\/wp\/v2\/media?parent=576"}],"curies":[{"name":"wp","href":"https:\/\/api.w.org\/{rel}","templated":true}]}}